{"id":9001,"date":"2026-02-12T14:19:05","date_gmt":"2026-02-12T14:19:05","guid":{"rendered":"https:\/\/bio-rentals.fr\/special-offers\/"},"modified":"2026-03-21T08:37:31","modified_gmt":"2026-03-21T08:37:31","slug":"special-offers","status":"publish","type":"page","link":"https:\/\/bio-rentals.com\/en\/special-offers\/","title":{"rendered":"Special Offers"},"content":{"rendered":"\t\t<div data-elementor-type=\"wp-page\" data-elementor-id=\"9001\" class=\"elementor elementor-9001 elementor-8492\" data-elementor-settings=\"{&quot;ha_cmc_init_switcher&quot;:&quot;no&quot;}\" data-elementor-post-type=\"page\">\n\t\t\t\t\t\t<section class=\"elementor-section elementor-top-section elementor-element elementor-element-6cffc278 elementor-section-boxed elementor-section-height-default elementor-section-height-default\" data-id=\"6cffc278\" data-element_type=\"section\" data-e-type=\"section\" data-settings=\"{&quot;_ha_eqh_enable&quot;:false}\">\n\t\t\t\t\t\t<div class=\"elementor-container elementor-column-gap-default\">\n\t\t\t\t\t<div class=\"elementor-column elementor-col-100 elementor-top-column elementor-element elementor-element-31f55aa9\" data-id=\"31f55aa9\" data-element_type=\"column\" data-e-type=\"column\">\n\t\t\t<div class=\"elementor-widget-wrap elementor-element-populated\">\n\t\t\t\t\t\t<div class=\"elementor-element elementor-element-6db3ea55 elementor-widget elementor-widget-html\" data-id=\"6db3ea55\" data-element_type=\"widget\" data-e-type=\"widget\" data-widget_type=\"html.default\">\n\t\t\t\t<div class=\"elementor-widget-container\">\n\t\t\t\t\t<script>\r\njQuery(document).ready(function($) {\r\n    \/\/ On parcourt chaque bloc de propri\u00e9t\u00e9\r\n    $('.es-listing').each(function() {\r\n        \/\/ On r\u00e9cup\u00e8re le lien de la propri\u00e9t\u00e9 (depuis le titre)\r\n        var propertyUrl = $(this).find('.es-listing__title a').attr('href');\r\n        \r\n        \/\/ On v\u00e9rifie si le bouton n'existe pas d\u00e9j\u00e0 et si on a un lien\r\n        if (propertyUrl && $(this).find('.btn-details-custom').length === 0) {\r\n            \/\/ On cr\u00e9e le bouton\r\n            var detailBtn = $('<a href=\"' + propertyUrl + '\" class=\"btn-details-custom\">D\u00e9tails<\/a>');\r\n            \r\n            \/\/ On l'ajoute dans le footer du bloc\r\n            $(this).find('.es-listing__footer').append(detailBtn);\r\n        }\r\n    });\r\n});\r\n<\/script>\t\t\t\t<\/div>\n\t\t\t\t<\/div>\n\t\t\t\t<div class=\"elementor-element elementor-element-51535eff elementor-widget elementor-widget-es-listings-widget\" data-id=\"51535eff\" data-element_type=\"widget\" data-e-type=\"widget\" data-widget_type=\"es-listings-widget.default\">\n\t\t\t\t<div class=\"elementor-widget-container\">\n\t\t\t\t\t    <div data-search-form-selector='.js-es-search:not(.es-search--ignore-ajax)'>\n\n<div class=\"es-properties js-es-properties js-es-entities-wrap es-properties--hfm--full-width\">\n    \n    <div class=\"es-properties__list\">\n\t    \n<div class=\"es-listings__wrap-inner js-es-listings__wrap-inner js-es-entities__wrap_inner et_smooth_scroll_disabled\">\n    <div class=\"es-listings-filter js-es-listings-filter\">\n            <span class=\"es-title\">Offres sp\u00e9ciale <\/span>\n    \n            <span class=\"es-total\">\n            1 result        <\/span>\n        \n    <div class=\"es-listings-filter__selects\">\n                                                <div class=\"es-form\">\n                \n                               <div class='js-es-field es-field es-field__sort es-field--select '>\n                                   <label for='es-field-sort'><span class='es-field__label'>Sort by<\/span>\n\t\t\t<select id=\"es-field-sort\" name=\"sort\" class=\"js-es-sort es-field__input\" ><option value=\"newest\" >Newest<\/option><option value=\"bedrooms\"  selected='selected'>Bedrooms<\/option><option value=\"bathrooms\" >Bathrooms<\/option><\/select>\n\t\t<\/label>\n                               <\/div>\n                                       <\/div>\n                                                            <ul class=\"js-es-control--layouts es-control es-control--layouts\">\n    <li class=\"es-control__grid\">\n        <a href=\"\/en\/wp-json\/wp\/v2\/pages\/9001?layout=grid-3\" data-layout=\"grid-3\" class=\"js-es-change-layout es-btn es-btn--icon es-btn--gray es-btn--big \">\n            <span class=\"es-icon es-icon_grid\"><\/span>Grid<\/a>\n    <\/li>\n    <li class=\"es-control__list\">\n        <a href=\"\/en\/wp-json\/wp\/v2\/pages\/9001?layout=list\" data-layout=\"list\" class=\"js-es-change-layout es-btn es-btn--icon es-btn--gray es-btn--big  es-btn--active\">\n            <span class=\"es-icon es-icon_grid-row\"><\/span>List<\/a>\n    <\/li>\n    <li class=\"es-control__hfm\">\n        <a href=\"\/en\/wp-json\/wp\/v2\/pages\/9001?layout=half_map\" data-layout=\"half_map\" class=\"js-es-change-layout es-btn es-btn--icon es-btn--gray es-btn--big \">\n            <span class=\"es-icon es-icon_marker\"><\/span>Half Map<\/a>\n    <\/li>\n<\/ul>\n                        <\/div>\n<\/div>\n\n\n    <div itemscope itemtype=\"https:\/\/schema.org\/ItemList\" data-entity=\"listings\" class=\"js-es-listings js-es-entities es-listings es-listings--list\" data-layout=\"es-listings--list\" data-hash=\"bGF5b3V0PWxpc3QmcG9zdHNfcGVyX3BhZ2U9NDAmZGlzYWJsZV9uYXZiYXI9MCZzaG93X3NvcnQ9MSZzaG93X3RvdGFsPTEmc2hvd19wYWdlX3RpdGxlPTEmc2hvd19jdXJyZW5jaWVzPTAmc2hvd19jYXRlZ29yaWVzPTAmc2hvd19sYXlvdXRzPTEmc29ydD1iZWRyb29tcyZsaW1pdD0wJmxvb3BfdWlkPTEmcGFnZV90aXRsZT1PZmZyZXMgc3DDqWNpYWxlICZpZ25vcmVfc2VhcmNoPTAmc2VhcmNoX2Zvcm1fc2VsZWN0b3I9LmpzLWVzLXNlYXJjaDpub3QoLmVzLXNlYXJjaC0taWdub3JlLWFqYXgpJmVuYWJsZV9zZWFyY2g9MCZzZWFyY2hfdHlwZT1zaW1wbGUmZW5hYmxlX2FqYXg9MSZ2aWV3X2FsbF9saW5rX25hbWU9Vm9pciB0b3V0CiZ2aWV3X2FsbF9wYWdlX2lkPSZkaXNhYmxlX3BhZ2luYXRpb249Jndpc2hsaXN0X2NvbmZpcm09MCZoZm1fZnVsbF93aWR0aD0xJl9pZ25vcmVfY29vcmRpbmF0ZXM9MCZmaWVsZHNfZGVsaW1pdGVyPSwmc3RyaWN0X2FkZHJlc3M9MCZtYXBfc2hvdz0wJmF1dGhvcnM9MCZtYWluX2ZpZWxkcyU1QjAlNUQ9cHJpY2UmbWFpbl9maWVsZHMlNUIxJTVEPWVzX3R5cGUmbWFpbl9maWVsZHMlNUIyJTVEPWJlZHJvb21zJm1haW5fZmllbGRzJTVCMyU1RD1iYXRocm9vbXMmY29sbGFwc2VkX2ZpZWxkcyU1QjAlNUQ9aGFsZl9iYXRocyZjb2xsYXBzZWRfZmllbGRzJTVCMSU1RD1lc19hbWVuaXR5JmNvbGxhcHNlZF9maWVsZHMlNUIyJTVEPWVzX2ZlYXR1cmUmY29sbGFwc2VkX2ZpZWxkcyU1QjMlNUQ9YXJlYSZjb2xsYXBzZWRfZmllbGRzJTVCNCU1RD1sb3Rfc2l6ZSZjb2xsYXBzZWRfZmllbGRzJTVCNSU1RD1mbG9vcnMmc2VhcmNoX2J5PWFkZHJlc3MmcHJvcF9pZD0mZXNfY2F0ZWdvcnk9JmVzX3R5cGU9JmVzX3N0YXR1cz0mZXNfbGFiZWw9Mzg1\">\n                                        <div id=\"post-10140\" class=\"post-10140 properties type-properties status-publish has-post-thumbnail hentry es_location-greece-69bda71b01e96 es_location-mikonos es_location-mykonos-en es_location-mykonos es_category-furnished es_type-villas-en es_label-offre-speciale-en es_status-available es_feature-air-conditioning es_feature-chimney es_feature-outdoor-pool es_feature-terrace es_amenity-baby-high-chair es_amenity-cot es_amenity-fully-equipped-kitchen es_amenity-hair-dryer es_amenity-tv es_amenity-washing-machine-en es_amenity-wifi es-post-entity entry\" itemprop=\"itemListElement\" itemscope itemtype=\"https:\/\/schema.org\/ListItem\">\n    <div class=\"js-es-listing es-listing es-listing--10140\" data-post-id=\"10140\" itemprop=\"item\" itemscope itemtype=\"https:\/\/schema.org\/House\">\n        \n<div class=\"es-listing__image\">\n        <ul class=\"es-badges es-badges--rounded\">\n                    <li class=\"es-badge\" style=\"background: #fa25cb;\">\n                <a  href=\"https:\/\/bio-rentals.com\/en\/es_label\/offre-speciale-en\/\">SPECIAL OFFER<\/a><\/li>\n            <\/ul>\n        <div class=\"es-property__control es-listing--hide-on-list\">\n        \n<ul class=\"js-es-control es-control es-control--property-image\">\n\t\t        <li class=\"es-control__item es-control__item--wishlist\">\n\t\t\t            <a href=\"#\" data-popup-id=\"#es-authentication-popup\" class=\"es-btn__wishlist es-btn es-btn--default es-btn--small es-btn--icon js-es-popup-link\">\n\t\t\t\t                    <span class=\"es-icon es-icon_heart\"><\/span>\n                    <span class=\"es-btn__label\">Save<\/span>\n                <\/a>\n        <\/li>\n\t\t\t<\/ul>    <\/div>\n            <div class=\"es-listing__image__slider js-es-slick\" data-slick=\"{&quot;slidesToShow&quot;:1,&quot;dots&quot;:true,&quot;infinite&quot;:true,&quot;arrows&quot;:true,&quot;prevArrow&quot;:&quot;&lt;button class=&#039;slick-prev&#039; aria-label=&#039;Prev&#039;&gt;&lt;span class=&#039;es-icon es-icon_chevron-left slick-prev&#039;&gt;&lt;\\\/span&gt;&lt;\\\/button&gt;&quot;,&quot;nextArrow&quot;:&quot;&lt;button class=&#039;slick-next&#039; aria-label=&#039;Next&#039;&gt;&lt;span class=&#039;es-icon es-icon_chevron-right slick-next&#039;&gt;&lt;\\\/span&gt;&lt;\\\/button&gt;&quot;,&quot;slide&quot;:&quot;div&quot;,&quot;rows&quot;:0,&quot;adaptiveHeight&quot;:true,&quot;dotsClass&quot;:&quot;es-slick-dots&quot;,&quot;lazyLoad&quot;:&quot;ondemand&quot;}\">\n                            <div>\n                                            <a class=\"es-listings__image__link\"  href=\"https:\/\/bio-rentals.com\/en\/property\/island-of-mykonos-aegean\/\">\n                                        <img alt=\"AEGEAN &#8211; MYKONOS ISLAND image 1\" data-lazy=\"https:\/\/bio-rentals.com\/wp-content\/uploads\/2023\/06\/bio-rentals-greece-mykonos-villa-1024x683.jpg\"\/>\n                                            <\/a>\n                                    <\/div>\n                            <div>\n                                            <a class=\"es-listings__image__link\"  href=\"https:\/\/bio-rentals.com\/en\/property\/island-of-mykonos-aegean\/\">\n                                        <img alt=\"AEGEAN &#8211; MYKONOS ISLAND image 2\" data-lazy=\"https:\/\/bio-rentals.com\/wp-content\/uploads\/2023\/06\/bio-rentals-villa-eco-friendly-design-768x511-1.jpg\"\/>\n                                            <\/a>\n                                    <\/div>\n                            <div>\n                                            <a class=\"es-listings__image__link\"  href=\"https:\/\/bio-rentals.com\/en\/property\/island-of-mykonos-aegean\/\">\n                                        <img alt=\"AEGEAN &#8211; MYKONOS ISLAND image 3\" data-lazy=\"https:\/\/bio-rentals.com\/wp-content\/uploads\/2026\/03\/BIO-RE3-1024x681.jpg\"\/>\n                                            <\/a>\n                                    <\/div>\n                            <div>\n                                            <a class=\"es-listings__image__link\"  href=\"https:\/\/bio-rentals.com\/en\/property\/island-of-mykonos-aegean\/\">\n                                        <img alt=\"AEGEAN &#8211; MYKONOS ISLAND image 4\" data-lazy=\"https:\/\/bio-rentals.com\/wp-content\/uploads\/2023\/06\/bio-rentals-pool-villa-768x512-1.jpg\"\/>\n                                            <\/a>\n                                    <\/div>\n                            <div>\n                                            <a class=\"es-listings__image__link\"  href=\"https:\/\/bio-rentals.com\/en\/property\/island-of-mykonos-aegean\/\">\n                                        <img alt=\"AEGEAN &#8211; MYKONOS ISLAND image 5\" data-lazy=\"https:\/\/bio-rentals.com\/wp-content\/uploads\/2026\/03\/BIO-RE2-1024x517.jpg\"\/>\n                                            <\/a>\n                                    <\/div>\n                    <\/div>\n    <\/div>\n        <div class=\"es-listing__content\">\n            <div class=\"es-listing__content__inner\">\n                <div class=\"es-listing__content__left\">\n                    <meta itemprop=\"name\" content=\"AEGEAN &#8211; MYKONOS ISLAND\" \/>\n                    <meta itemprop=\"image\" content=\"https:\/\/bio-rentals.com\/wp-content\/uploads\/2023\/06\/bio-rentals-greece-mykonos-villa-150x150.jpg\" \/>\n                    <h3 class=\"es-listing__title\">\n                        <a href=\"https:\/\/bio-rentals.com\/en\/property\/island-of-mykonos-aegean\/\"  itemprop=\"url\">AEGEAN &#8211; MYKONOS ISLAND<\/a><\/h3>                    <div class='es-badges es-listing--hide-on-list'>\n                        <span class=\"es-price\">8,365 \u20ac<\/span><span class=\"es-badge es-badge--normal\">Price from<\/span><\/div>\n                    <div class=\"es-address es-listing--hide-on-grid\">M\u00fdkonos, Gr\u00e8ce<\/div>                        <p class=\"es-excerpt es-listing--hide-on-grid\" itemprop=\"description\">6km outside Mykonos town, this sublime spacious villa with large...<\/p>\n                    <div class=\"es-listing__meta\">            <div class=\"es-listing__meta-bedrooms\">\n                                                            <svg width=\"16\" height=\"16\" viewBox=\"0 0 16 16\" fill=\"none\" xmlns=\"http:\/\/www.w3.org\/2000\/svg\">\n                            <g clip-path=\"url(#clip0)\">\n                            <path d=\"M14 6.25H5.88533C5.74708 5.86037 5.49166 5.52307 5.15411 5.28435C4.81657 5.04563 4.41343 4.9172 4 4.91667H1.33333V3H0V12.9167H1.33333V11.5833H14.6667V12.9167H16V8.25C15.9994 7.71975 15.7885 7.21139 15.4136 6.83644C15.0386 6.4615 14.5303 6.2506 14 6.25ZM4 6.25C4.17675 6.2502 4.3462 6.3205 4.47119 6.44548C4.59617 6.57046 4.66647 6.73992 4.66667 6.91667V7.58333H1.33333V6.25H4ZM1.33333 8.91667H4.66667V10.25H1.33333V8.91667ZM6 7.58333H14C14.1768 7.58353 14.3462 7.65383 14.4712 7.77881C14.5962 7.9038 14.6665 8.07325 14.6667 8.25V10.25H6V7.58333Z\" fill=\"#B0BEC5\"\/>\n                            <\/g>\n                            <defs>\n                            <clipPath id=\"clip0\">\n                            <rect width=\"16\" height=\"16\" fill=\"white\"\/>\n                            <\/clipPath>\n                            <\/defs>\n                        <\/svg>                                                    <span>\n                                            <b>5<\/b> <span>beds<\/span>                                    <\/span>\n            <\/div>\n\t\t            <div class=\"es-listing__meta-bathrooms\">\n                                                            <svg width=\"16\" height=\"16\" viewBox=\"0 0 16 16\" fill=\"none\" xmlns=\"http:\/\/www.w3.org\/2000\/svg\">\n                                <g clip-path=\"url(#clip0)\">\n                                <path d=\"M15.3333 6.66667H14V2.33333C14 1.71449 13.7542 1.121 13.3166 0.683417C12.879 0.245833 12.2855 0 11.6667 0C11.0478 0 10.4543 0.245833 10.0168 0.683417C9.57917 1.121 9.33333 1.71449 9.33333 2.33333V2.66667H8.66667V4H11.3333V2.66667H10.6667V2.33333C10.6667 2.06812 10.772 1.81376 10.9596 1.62623C11.1471 1.43869 11.4015 1.33333 11.6667 1.33333C11.9319 1.33333 12.1862 1.43869 12.3738 1.62623C12.5613 1.81376 12.6667 2.06812 12.6667 2.33333V6.66667H3.33333V6H4V4.66667H2.66667C2.48986 4.66667 2.32029 4.7369 2.19526 4.86193C2.07024 4.98695 2 5.15652 2 5.33333V6.66667H0.666667C0.489856 6.66667 0.320286 6.7369 0.195262 6.86193C0.0702379 6.98695 0 7.15652 0 7.33333L0 10.6667C0.000712054 11.315 0.19023 11.9491 0.545401 12.4914C0.900573 13.0338 1.40602 13.461 2 13.7208V15.3333H3.33333V14H12.6667V15.3333H14V13.7208C14.594 13.461 15.0994 13.0338 15.4546 12.4914C15.8098 11.9491 15.9993 11.315 16 10.6667V7.33333C16 7.15652 15.9298 6.98695 15.8047 6.86193C15.6797 6.7369 15.5101 6.66667 15.3333 6.66667ZM3.33333 12.6667C3.33353 12.4899 3.40383 12.3205 3.52881 12.1955C3.6538 12.0705 3.82325 12.0002 4 12H12C12.1768 12.0002 12.3462 12.0705 12.4712 12.1955C12.5962 12.3205 12.6665 12.4899 12.6667 12.6667H3.33333ZM14.6667 10.6667C14.6667 10.9601 14.6021 11.2499 14.4774 11.5154C14.3527 11.781 14.171 12.0159 13.9453 12.2032C13.8405 11.766 13.5917 11.3766 13.2389 11.0979C12.886 10.8192 12.4497 10.6673 12 10.6667H4C3.55035 10.6673 3.11399 10.8192 2.76114 11.0979C2.40829 11.3766 2.15948 11.766 2.05475 12.2032C1.82899 12.0159 1.6473 11.781 1.52261 11.5154C1.39792 11.2499 1.3333 10.9601 1.33333 10.6667V8H14.6667V10.6667Z\" fill=\"#B0BEC5\"\/>\n                                <\/g>\n                                <defs>\n                                <clipPath id=\"clip0\">\n                                <rect width=\"16\" height=\"16\" fill=\"white\"\/>\n                                <\/clipPath>\n                                <\/defs>\n                            <\/svg>                                                    <span>\n                                            <b>5<\/b> <span>baths<\/span>                                    <\/span>\n            <\/div>\n\t\t<\/div><div class=\"es-address es-listing--hide-on-list\">M\u00fdkonos, Gr\u00e8ce<\/div>                <\/div>\n                <div class=\"es-listing__content__right es-listing--hide-on-grid\">\n                    <div class=\"es-property__control es-listing--hide-on-grid\">\n                        \n<ul class=\"js-es-control es-control es-control--property-content\">\n\t\t        <li class=\"es-control__item es-control__item--wishlist\">\n\t\t\t            <a href=\"#\" data-popup-id=\"#es-authentication-popup\" class=\"es-btn__wishlist es-btn es-btn--default es-btn--big es-btn--icon js-es-popup-link\">\n\t\t\t\t                    <span class=\"es-icon es-icon_heart\"><\/span>\n                    <span class=\"es-btn__label\">Save<\/span>\n                <\/a>\n        <\/li>\n\t\t\t<\/ul>                    <\/div>\n                    <span class=\"es-price\">8,365 \u20ac<\/span>                    <span class=\"es-badge es-badge--normal\">Price from<\/span>                <\/div>\n            <\/div>\n            <div class=\"es-listing__footer\">\n                    <ul class=\"es-listing__terms\">                    <li><a href=\"https:\/\/bio-rentals.com\/en\/property-type\/villas-en\/\">Villas<\/a><\/li>\n                                <li><a href=\"https:\/\/bio-rentals.com\/en\/Category-en\/furnished\/\">Furnished<\/a><\/li>\n            <\/ul>\n                            <\/div>\n\n                    <\/div>\n    <\/div>\n    <\/div>\n                        <\/div>\n\t    <\/div>    <\/div>\n    <div class=\"js-es-properties__map es-properties__map \">\n\t        <div id=\"properties-map-69ee225d06279\" class=\"js-es-map es-map\" data-listings=\"{&quot;10140&quot;:{&quot;lat&quot;:&quot;37.444658&quot;,&quot;lng&quot;:&quot;25.3262531&quot;,&quot;post_id&quot;:10140,&quot;price&quot;:&quot;8,365 \\u20ac&quot;}}\"><\/div>\n    <\/div>\n<\/div>\n\n    <\/div>\n\t\t\t\t<\/div>\n\t\t\t\t<\/div>\n\t\t\t\t\t<\/div>\n\t\t<\/div>\n\t\t\t\t\t<\/div>\n\t\t<\/section>\n\t\t\t\t<\/div>\n\t\t","protected":false},"excerpt":{"rendered":"Offres sp\u00e9ciale 1 r\u00e9sultat Trier par ChambresSalles de bains Grid...","protected":false},"author":14,"featured_media":0,"parent":0,"menu_order":0,"comment_status":"closed","ping_status":"closed","template":"","meta":{"footnotes":""},"class_list":["post-9001","page","type-page","status-publish","hentry","entry"],"yoast_head":"<!-- This site is optimized with the Yoast SEO plugin v27.3 - https:\/\/yoast.com\/product\/yoast-seo-wordpress\/ -->\n<title>Special Offers<\/title>\n<meta name=\"robots\" content=\"index, follow, max-snippet:-1, max-image-preview:large, max-video-preview:-1\" \/>\n<link rel=\"canonical\" href=\"https:\/\/bio-rentals.com\/en\/special-offers\/\" \/>\n<meta property=\"og:locale\" content=\"en_US\" \/>\n<meta property=\"og:type\" content=\"article\" \/>\n<meta property=\"og:title\" content=\"Special Offers\" \/>\n<meta property=\"og:description\" content=\"Offres sp\u00e9ciale 1 r\u00e9sultat Trier par ChambresSalles de bains Grid List Half Map SPECIAL OFFER Enregistrer ISLAND OF MYKONOS &#8211; AEGEAN 4,890 \u20acPrice from M\u00fdkonos, Gr\u00e8ce Authentic Cycladic style in its structure and dream decor for&#8230; 5 lits 5 thermes M\u00fdkonos, Gr\u00e8ce Enregistrer 4,890 \u20ac Price from Villas Furnished\" \/>\n<meta property=\"og:url\" content=\"https:\/\/bio-rentals.com\/en\/special-offers\/\" \/>\n<meta property=\"og:site_name\" content=\"Bio Rentals\" \/>\n<meta property=\"article:modified_time\" content=\"2026-03-21T08:37:31+00:00\" \/>\n<meta name=\"twitter:card\" content=\"summary_large_image\" \/>\n<meta name=\"twitter:site\" content=\"@bio_rentals\" \/>\n<meta name=\"twitter:label1\" content=\"Est. reading time\" \/>\n\t<meta name=\"twitter:data1\" content=\"3 minutes\" \/>\n<script type=\"application\/ld+json\" class=\"yoast-schema-graph\">{\"@context\":\"https:\\\/\\\/schema.org\",\"@graph\":[{\"@type\":\"WebPage\",\"@id\":\"https:\\\/\\\/bio-rentals.com\\\/en\\\/special-offers\\\/\",\"url\":\"https:\\\/\\\/bio-rentals.com\\\/en\\\/special-offers\\\/\",\"name\":\"Special Offers\",\"isPartOf\":{\"@id\":\"https:\\\/\\\/bio-rentals.com\\\/en\\\/#website\"},\"datePublished\":\"2026-02-12T14:19:05+00:00\",\"dateModified\":\"2026-03-21T08:37:31+00:00\",\"breadcrumb\":{\"@id\":\"https:\\\/\\\/bio-rentals.com\\\/en\\\/special-offers\\\/#breadcrumb\"},\"inLanguage\":\"en-US\",\"potentialAction\":[{\"@type\":\"ReadAction\",\"target\":[\"https:\\\/\\\/bio-rentals.com\\\/en\\\/special-offers\\\/\"]}]},{\"@type\":\"BreadcrumbList\",\"@id\":\"https:\\\/\\\/bio-rentals.com\\\/en\\\/special-offers\\\/#breadcrumb\",\"itemListElement\":[{\"@type\":\"ListItem\",\"position\":1,\"name\":\"Home\",\"item\":\"https:\\\/\\\/bio-rentals.com\\\/en\\\/\"},{\"@type\":\"ListItem\",\"position\":2,\"name\":\"Special Offers\"}]},{\"@type\":\"WebSite\",\"@id\":\"https:\\\/\\\/bio-rentals.com\\\/en\\\/#website\",\"url\":\"https:\\\/\\\/bio-rentals.com\\\/en\\\/\",\"name\":\"Bio Rentals\",\"description\":\"\",\"publisher\":{\"@id\":\"https:\\\/\\\/bio-rentals.com\\\/en\\\/#organization\"},\"potentialAction\":[{\"@type\":\"SearchAction\",\"target\":{\"@type\":\"EntryPoint\",\"urlTemplate\":\"https:\\\/\\\/bio-rentals.com\\\/en\\\/?s={search_term_string}\"},\"query-input\":{\"@type\":\"PropertyValueSpecification\",\"valueRequired\":true,\"valueName\":\"search_term_string\"}}],\"inLanguage\":\"en-US\"},{\"@type\":\"Organization\",\"@id\":\"https:\\\/\\\/bio-rentals.com\\\/en\\\/#organization\",\"name\":\"Bio Rentals\",\"url\":\"https:\\\/\\\/bio-rentals.com\\\/en\\\/\",\"logo\":{\"@type\":\"ImageObject\",\"inLanguage\":\"en-US\",\"@id\":\"https:\\\/\\\/bio-rentals.com\\\/en\\\/#\\\/schema\\\/logo\\\/image\\\/\",\"url\":\"https:\\\/\\\/bio-rentals.com\\\/wp-content\\\/uploads\\\/2022\\\/02\\\/logo-biorentals.png\",\"contentUrl\":\"https:\\\/\\\/bio-rentals.com\\\/wp-content\\\/uploads\\\/2022\\\/02\\\/logo-biorentals.png\",\"width\":300,\"height\":297,\"caption\":\"Bio Rentals\"},\"image\":{\"@id\":\"https:\\\/\\\/bio-rentals.com\\\/en\\\/#\\\/schema\\\/logo\\\/image\\\/\"},\"sameAs\":[\"https:\\\/\\\/x.com\\\/bio_rentals\"]}]}<\/script>\n<!-- \/ Yoast SEO plugin. -->","yoast_head_json":{"title":"Special Offers","robots":{"index":"index","follow":"follow","max-snippet":"max-snippet:-1","max-image-preview":"max-image-preview:large","max-video-preview":"max-video-preview:-1"},"canonical":"https:\/\/bio-rentals.com\/en\/special-offers\/","og_locale":"en_US","og_type":"article","og_title":"Special Offers","og_description":"Offres sp\u00e9ciale 1 r\u00e9sultat Trier par ChambresSalles de bains Grid List Half Map SPECIAL OFFER Enregistrer ISLAND OF MYKONOS &#8211; AEGEAN 4,890 \u20acPrice from M\u00fdkonos, Gr\u00e8ce Authentic Cycladic style in its structure and dream decor for&#8230; 5 lits 5 thermes M\u00fdkonos, Gr\u00e8ce Enregistrer 4,890 \u20ac Price from Villas Furnished","og_url":"https:\/\/bio-rentals.com\/en\/special-offers\/","og_site_name":"Bio Rentals","article_modified_time":"2026-03-21T08:37:31+00:00","twitter_card":"summary_large_image","twitter_site":"@bio_rentals","twitter_misc":{"Est. reading time":"3 minutes"},"schema":{"@context":"https:\/\/schema.org","@graph":[{"@type":"WebPage","@id":"https:\/\/bio-rentals.com\/en\/special-offers\/","url":"https:\/\/bio-rentals.com\/en\/special-offers\/","name":"Special Offers","isPartOf":{"@id":"https:\/\/bio-rentals.com\/en\/#website"},"datePublished":"2026-02-12T14:19:05+00:00","dateModified":"2026-03-21T08:37:31+00:00","breadcrumb":{"@id":"https:\/\/bio-rentals.com\/en\/special-offers\/#breadcrumb"},"inLanguage":"en-US","potentialAction":[{"@type":"ReadAction","target":["https:\/\/bio-rentals.com\/en\/special-offers\/"]}]},{"@type":"BreadcrumbList","@id":"https:\/\/bio-rentals.com\/en\/special-offers\/#breadcrumb","itemListElement":[{"@type":"ListItem","position":1,"name":"Home","item":"https:\/\/bio-rentals.com\/en\/"},{"@type":"ListItem","position":2,"name":"Special Offers"}]},{"@type":"WebSite","@id":"https:\/\/bio-rentals.com\/en\/#website","url":"https:\/\/bio-rentals.com\/en\/","name":"Bio Rentals","description":"","publisher":{"@id":"https:\/\/bio-rentals.com\/en\/#organization"},"potentialAction":[{"@type":"SearchAction","target":{"@type":"EntryPoint","urlTemplate":"https:\/\/bio-rentals.com\/en\/?s={search_term_string}"},"query-input":{"@type":"PropertyValueSpecification","valueRequired":true,"valueName":"search_term_string"}}],"inLanguage":"en-US"},{"@type":"Organization","@id":"https:\/\/bio-rentals.com\/en\/#organization","name":"Bio Rentals","url":"https:\/\/bio-rentals.com\/en\/","logo":{"@type":"ImageObject","inLanguage":"en-US","@id":"https:\/\/bio-rentals.com\/en\/#\/schema\/logo\/image\/","url":"https:\/\/bio-rentals.com\/wp-content\/uploads\/2022\/02\/logo-biorentals.png","contentUrl":"https:\/\/bio-rentals.com\/wp-content\/uploads\/2022\/02\/logo-biorentals.png","width":300,"height":297,"caption":"Bio Rentals"},"image":{"@id":"https:\/\/bio-rentals.com\/en\/#\/schema\/logo\/image\/"},"sameAs":["https:\/\/x.com\/bio_rentals"]}]}},"_links":{"self":[{"href":"https:\/\/bio-rentals.com\/en\/wp-json\/wp\/v2\/pages\/9001","targetHints":{"allow":["GET"]}}],"collection":[{"href":"https:\/\/bio-rentals.com\/en\/wp-json\/wp\/v2\/pages"}],"about":[{"href":"https:\/\/bio-rentals.com\/en\/wp-json\/wp\/v2\/types\/page"}],"author":[{"embeddable":true,"href":"https:\/\/bio-rentals.com\/en\/wp-json\/wp\/v2\/users\/14"}],"replies":[{"embeddable":true,"href":"https:\/\/bio-rentals.com\/en\/wp-json\/wp\/v2\/comments?post=9001"}],"version-history":[{"count":0,"href":"https:\/\/bio-rentals.com\/en\/wp-json\/wp\/v2\/pages\/9001\/revisions"}],"wp:attachment":[{"href":"https:\/\/bio-rentals.com\/en\/wp-json\/wp\/v2\/media?parent=9001"}],"curies":[{"name":"wp","href":"https:\/\/api.w.org\/{rel}","templated":true}]}}